{"id":755,"date":"2024-01-16T23:41:22","date_gmt":"2024-01-17T04:41:22","guid":{"rendered":"https:\/\/aceroauditores.com\/?page_id=755"},"modified":"2024-01-17T09:16:34","modified_gmt":"2024-01-17T14:16:34","slug":"terminos-y-condiciones","status":"publish","type":"page","link":"https:\/\/aceroauditores.com\/index.php\/terminos-y-condiciones\/","title":{"rendered":"T\u00e9rminos y Condiciones"},"content":{"rendered":"\t\t<div data-elementor-type=\"wp-page\" data-elementor-id=\"755\" class=\"elementor elementor-755\">\n\t\t\t\t<div class=\"elementor-element elementor-element-f3e54b0 e-flex e-con-boxed wpr-particle-no wpr-jarallax-no wpr-parallax-no wpr-sticky-section-no e-con e-parent\" data-id=\"f3e54b0\" data-element_type=\"container\">\n\t\t\t\t\t<div class=\"e-con-inner\">\n\t\t\t\t<div class=\"elementor-element elementor-element-6501a95 elementor-widget elementor-widget-heading\" data-id=\"6501a95\" data-element_type=\"widget\" data-widget_type=\"heading.default\">\n\t\t\t\t<div class=\"elementor-widget-container\">\n\t\t\t<style>\/*! elementor - v3.21.0 - 30-04-2024 *\/\n.elementor-heading-title{padding:0;margin:0;line-height:1}.elementor-widget-heading .elementor-heading-title[class*=elementor-size-]>a{color:inherit;font-size:inherit;line-height:inherit}.elementor-widget-heading .elementor-heading-title.elementor-size-small{font-size:15px}.elementor-widget-heading .elementor-heading-title.elementor-size-medium{font-size:19px}.elementor-widget-heading .elementor-heading-title.elementor-size-large{font-size:29px}.elementor-widget-heading .elementor-heading-title.elementor-size-xl{font-size:39px}.elementor-widget-heading .elementor-heading-title.elementor-size-xxl{font-size:59px}<\/style><h2 class=\"elementor-heading-title elementor-size-default\">T\u00e9rminos y condiciones<\/h2>\t\t<\/div>\n\t\t\t\t<\/div>\n\t\t\t\t<div class=\"elementor-element elementor-element-f025cf6 elementor-widget elementor-widget-text-editor\" data-id=\"f025cf6\" data-element_type=\"widget\" data-widget_type=\"text-editor.default\">\n\t\t\t\t<div class=\"elementor-widget-container\">\n\t\t\t<style>\/*! elementor - v3.21.0 - 30-04-2024 *\/\n.elementor-widget-text-editor.elementor-drop-cap-view-stacked .elementor-drop-cap{background-color:#69727d;color:#fff}.elementor-widget-text-editor.elementor-drop-cap-view-framed .elementor-drop-cap{color:#69727d;border:3px solid;background-color:transparent}.elementor-widget-text-editor:not(.elementor-drop-cap-view-default) .elementor-drop-cap{margin-top:8px}.elementor-widget-text-editor:not(.elementor-drop-cap-view-default) .elementor-drop-cap-letter{width:1em;height:1em}.elementor-widget-text-editor .elementor-drop-cap{float:left;text-align:center;line-height:1;font-size:50px}.elementor-widget-text-editor .elementor-drop-cap-letter{display:inline-block}<\/style>\t\t\t\t<div data-id=\"09309c0\" data-element_type=\"widget\" data-widget_type=\"text-editor.default\"><div><div><p>La presente p\u00e1gina describe los t\u00e9rminos y condiciones del sitio web aceroauditores.com (en adelante \u201cSITIO WEB\u201d), del cual es titular aceroauditores.com (en adelante \u201cTITULAR\u201d). Al visitar y usar este SITIO WEB, el visitantes o usuario (en adelante \u201cUSUARIO\u201d) acepta estos t\u00e9rminos y condiciones en su totalidad. La informaci\u00f3n de estos t\u00e9rminos y condiciones est\u00e1 sujeta a cambios en cualquier momento y se le recomienda al USUARIO visitar esta p\u00e1gina constantemente.<\/p><p>En est\u00e1 p\u00e1gina se describe a detalle la manera en que el USUARIO acepta usar y comportarse dentro del SITIO WEB y con su respectivo contenido, productos y servicios (en adelante \u201cCONTENIDO\u201d).<\/p><\/div><\/div><\/div><div data-id=\"3be297d\" data-element_type=\"widget\" data-widget_type=\"heading.default\"><div><h5>\u00a0<\/h5><h5>\u00a0<\/h5><h5>1. MENORES DE EDAD<\/h5><\/div><\/div><div data-id=\"f4c273f\" data-element_type=\"widget\" data-widget_type=\"text-editor.default\"><div><div>No se permite el acceso al CONTENIDO del SITIO WEB por personas menores de 13 a\u00f1os. Si el USUARIO es menor de 13 a\u00f1os, deber\u00e1 contar con el consentimiento de sus padres o personas mayores encargadas.<\/div><\/div><\/div><div data-id=\"04df34d\" data-element_type=\"widget\" data-widget_type=\"heading.default\"><div><h5>\u00a0<\/h5><h5>\u00a0<\/h5><h5>2. EST\u00c1N PROHIBIDAS LAS SIGUIENTES ACTIVIDADES<\/h5><\/div><\/div><div data-id=\"d47e72d\" data-element_type=\"widget\" data-widget_type=\"text-editor.default\"><div><div><ul><li>Intentos de hackeo, inserci\u00f3n de virus o ataques inform\u00e1ticos de cualquier \u00edndole dirigidos al servidor o al SITIO WEB.<\/li><li>Proporcionar informaci\u00f3n personal falsa o que pertenece a personas diferentes al USUARIO que la env\u00eda<\/li><\/ul><\/div><\/div><\/div><div data-id=\"11a4469\" data-element_type=\"widget\" data-widget_type=\"heading.default\"><div><h5>\u00a0<\/h5><h5>\u00a0<\/h5><h5>3. DERECHOS DE AUTOR Y PROPIEDAD INTELECTUAL<\/h5><\/div><\/div><div data-id=\"5dc66e5\" data-element_type=\"widget\" data-widget_type=\"text-editor.default\"><div><div>Est\u00e1 totalmente prohibido usar los textos, im\u00e1genes, audios, videos y cualquier otro material multimedia que se encuentre alojado en el SITIO WEB ya que es propiedad del TITULAR y est\u00e1 protegido por las leyes de derechos de autor y propiedad intelectual. Solo se permitir\u00e1 el uso de los materiales multimedia del SITIO WEB, si el USUARIO solicita el uso de dicho material y el TITULAR acepta esa solicitud.<\/div><\/div><\/div><div data-id=\"5499453\" data-element_type=\"widget\" data-widget_type=\"heading.default\"><div><h5>\u00a0<\/h5><h5>4. ACCESO Y DISPONIBILIDAD DEL SITIO WEB<\/h5><\/div><\/div><div data-id=\"37f76ad\" data-element_type=\"widget\" data-widget_type=\"text-editor.default\"><div><div>Por motivos de fuerza mayor o factores externos, el acceso y disponibilidad del SITIO WEB se puede ver suspendido por cualquier periodo de tiempo y el TITULAR no se hace responsable de cualquier da\u00f1o o resultado directo o indirecto que esto pueda ocasionar al USUARIO. Si bien, el SITIO WEB estar\u00e1 disponible la mayor\u00eda del tiempo, no se garantiza una disponibilidad del 100% y en cualquier momento, si el TITULAR lo decide, el SITIO WEB puede dejar de funcionar o estar disponible al p\u00fablico.<\/div><\/div><\/div><div data-id=\"c59165a\" data-element_type=\"widget\" data-widget_type=\"heading.default\"><div><h5>\u00a0<\/h5><h5>\u00a0<\/h5><h5>5. POL\u00cdTICA DE PRIVACIDAD Y COOKIES<\/h5><\/div><\/div><div data-id=\"def5f50\" data-element_type=\"widget\" data-widget_type=\"text-editor.default\"><div><div><p>El TITULAR est\u00e1 comprometido con las buenas practicas en la recopilaci\u00f3n, uso y protecci\u00f3n de los datos personales de sus USUARIOS. La pol\u00edtica de privacidad y cookies del SITIO WEB se puede ver en detalle en la siguiente p\u00e1gina <a href=\"https:\/\/doggiz.info\/politica-de-privacidad\">http:\/\/aceroauditores.com\/politica-de-privacidad<\/a><\/p><\/div><\/div><\/div>\t\t\t\t\t\t<\/div>\n\t\t\t\t<\/div>\n\t\t\t\t\t<\/div>\n\t\t\t\t<\/div>\n\t\t\t\t<\/div>\n\t\t","protected":false},"excerpt":{"rendered":"<p>T\u00e9rminos y condiciones La presente p\u00e1gina describe los t\u00e9rminos y condiciones del sitio web aceroauditores.com (en adelante \u201cSITIO WEB\u201d), del cual es titular aceroauditores.com (en adelante \u201cTITULAR\u201d). Al visitar y usar este SITIO WEB, el visitantes o usuario (en adelante \u201cUSUARIO\u201d) acepta estos t\u00e9rminos y condiciones en su totalidad. La informaci\u00f3n de estos t\u00e9rminos y condiciones est\u00e1 sujeta a cambios en cualquier momento y se le recomienda al USUARIO visitar esta p\u00e1gina constantemente. En est\u00e1 p\u00e1gina se describe a detalle la manera en que el USUARIO acepta usar y comportarse dentro del SITIO WEB y con su respectivo contenido, productos y servicios (en adelante \u201cCONTENIDO\u201d). \u00a0 \u00a0 1. MENORES DE EDAD No se permite el acceso al CONTENIDO del SITIO WEB por personas menores de 13 a\u00f1os. Si el USUARIO es menor de 13 a\u00f1os, deber\u00e1 contar con el consentimiento de sus padres o personas mayores encargadas. \u00a0 \u00a0 2. EST\u00c1N PROHIBIDAS LAS SIGUIENTES ACTIVIDADES Intentos de hackeo, inserci\u00f3n de virus o ataques inform\u00e1ticos de cualquier \u00edndole dirigidos al servidor o al SITIO WEB. Proporcionar informaci\u00f3n personal falsa o que pertenece a personas diferentes al USUARIO que la env\u00eda \u00a0 \u00a0 3. DERECHOS DE AUTOR Y PROPIEDAD INTELECTUAL Est\u00e1 totalmente prohibido usar los textos, im\u00e1genes, audios, videos y cualquier otro material multimedia que se encuentre alojado en el SITIO WEB ya que es propiedad del TITULAR y est\u00e1 protegido por las leyes de derechos de autor y propiedad intelectual. Solo se permitir\u00e1 el uso de los materiales multimedia del SITIO WEB, si el USUARIO solicita el uso de dicho material y el TITULAR acepta esa solicitud. \u00a0 4. ACCESO Y DISPONIBILIDAD DEL SITIO WEB Por motivos de fuerza mayor o factores externos, el acceso y disponibilidad del SITIO WEB se puede ver suspendido por cualquier periodo de tiempo y el TITULAR no se hace responsable de cualquier da\u00f1o o resultado directo o indirecto que esto pueda ocasionar al USUARIO. Si bien, el SITIO WEB estar\u00e1 disponible la mayor\u00eda del tiempo, no se garantiza una disponibilidad del 100% y en cualquier momento, si el TITULAR lo decide, el SITIO WEB puede dejar de funcionar o estar disponible al p\u00fablico. \u00a0 \u00a0 5. POL\u00cdTICA DE PRIVACIDAD Y COOKIES El TITULAR est\u00e1 comprometido con las buenas practicas en la recopilaci\u00f3n, uso y protecci\u00f3n de los datos personales de sus USUARIOS. La pol\u00edtica de privacidad y cookies del SITIO WEB se puede ver en detalle en la siguiente p\u00e1gina http:\/\/aceroauditores.com\/politica-de-privacidad<\/p>\n","protected":false},"author":1,"featured_media":0,"parent":0,"menu_order":0,"comment_status":"closed","ping_status":"closed","template":"","meta":{"footnotes":""},"yoast_head":"<!-- This site is optimized with the Yoast SEO plugin v22.6 - https:\/\/yoast.com\/wordpress\/plugins\/seo\/ -->\n<title>T\u00e9rminos y Condiciones - aceroauditores<\/title>\n<meta name=\"robots\" content=\"index, follow, max-snippet:-1, max-image-preview:large, max-video-preview:-1\" \/>\n<link rel=\"canonical\" href=\"https:\/\/aceroauditores.com\/index.php\/terminos-y-condiciones\/\" \/>\n<meta property=\"og:locale\" content=\"es_ES\" \/>\n<meta property=\"og:type\" content=\"article\" \/>\n<meta property=\"og:title\" content=\"T\u00e9rminos y Condiciones - aceroauditores\" \/>\n<meta property=\"og:description\" content=\"T\u00e9rminos y condiciones La presente p\u00e1gina describe los t\u00e9rminos y condiciones del sitio web aceroauditores.com (en adelante \u201cSITIO WEB\u201d), del cual es titular aceroauditores.com (en adelante \u201cTITULAR\u201d). Al visitar y usar este SITIO WEB, el visitantes o usuario (en adelante \u201cUSUARIO\u201d) acepta estos t\u00e9rminos y condiciones en su totalidad. La informaci\u00f3n de estos t\u00e9rminos y condiciones est\u00e1 sujeta a cambios en cualquier momento y se le recomienda al USUARIO visitar esta p\u00e1gina constantemente. En est\u00e1 p\u00e1gina se describe a detalle la manera en que el USUARIO acepta usar y comportarse dentro del SITIO WEB y con su respectivo contenido, productos y servicios (en adelante \u201cCONTENIDO\u201d). \u00a0 \u00a0 1. MENORES DE EDAD No se permite el acceso al CONTENIDO del SITIO WEB por personas menores de 13 a\u00f1os. Si el USUARIO es menor de 13 a\u00f1os, deber\u00e1 contar con el consentimiento de sus padres o personas mayores encargadas. \u00a0 \u00a0 2. EST\u00c1N PROHIBIDAS LAS SIGUIENTES ACTIVIDADES Intentos de hackeo, inserci\u00f3n de virus o ataques inform\u00e1ticos de cualquier \u00edndole dirigidos al servidor o al SITIO WEB. Proporcionar informaci\u00f3n personal falsa o que pertenece a personas diferentes al USUARIO que la env\u00eda \u00a0 \u00a0 3. DERECHOS DE AUTOR Y PROPIEDAD INTELECTUAL Est\u00e1 totalmente prohibido usar los textos, im\u00e1genes, audios, videos y cualquier otro material multimedia que se encuentre alojado en el SITIO WEB ya que es propiedad del TITULAR y est\u00e1 protegido por las leyes de derechos de autor y propiedad intelectual. Solo se permitir\u00e1 el uso de los materiales multimedia del SITIO WEB, si el USUARIO solicita el uso de dicho material y el TITULAR acepta esa solicitud. \u00a0 4. ACCESO Y DISPONIBILIDAD DEL SITIO WEB Por motivos de fuerza mayor o factores externos, el acceso y disponibilidad del SITIO WEB se puede ver suspendido por cualquier periodo de tiempo y el TITULAR no se hace responsable de cualquier da\u00f1o o resultado directo o indirecto que esto pueda ocasionar al USUARIO. Si bien, el SITIO WEB estar\u00e1 disponible la mayor\u00eda del tiempo, no se garantiza una disponibilidad del 100% y en cualquier momento, si el TITULAR lo decide, el SITIO WEB puede dejar de funcionar o estar disponible al p\u00fablico. \u00a0 \u00a0 5. POL\u00cdTICA DE PRIVACIDAD Y COOKIES El TITULAR est\u00e1 comprometido con las buenas practicas en la recopilaci\u00f3n, uso y protecci\u00f3n de los datos personales de sus USUARIOS. La pol\u00edtica de privacidad y cookies del SITIO WEB se puede ver en detalle en la siguiente p\u00e1gina http:\/\/aceroauditores.com\/politica-de-privacidad\" \/>\n<meta property=\"og:url\" content=\"https:\/\/aceroauditores.com\/index.php\/terminos-y-condiciones\/\" \/>\n<meta property=\"og:site_name\" content=\"aceroauditores\" \/>\n<meta property=\"article:modified_time\" content=\"2024-01-17T14:16:34+00:00\" \/>\n<meta name=\"twitter:card\" content=\"summary_large_image\" \/>\n<meta name=\"twitter:label1\" content=\"Tiempo de lectura\" \/>\n\t<meta name=\"twitter:data1\" content=\"2 minutos\" \/>\n<script type=\"application\/ld+json\" class=\"yoast-schema-graph\">{\"@context\":\"https:\/\/schema.org\",\"@graph\":[{\"@type\":\"WebPage\",\"@id\":\"https:\/\/aceroauditores.com\/index.php\/terminos-y-condiciones\/\",\"url\":\"https:\/\/aceroauditores.com\/index.php\/terminos-y-condiciones\/\",\"name\":\"T\u00e9rminos y Condiciones - aceroauditores\",\"isPartOf\":{\"@id\":\"https:\/\/aceroauditores.com\/#website\"},\"datePublished\":\"2024-01-17T04:41:22+00:00\",\"dateModified\":\"2024-01-17T14:16:34+00:00\",\"breadcrumb\":{\"@id\":\"https:\/\/aceroauditores.com\/index.php\/terminos-y-condiciones\/#breadcrumb\"},\"inLanguage\":\"es\",\"potentialAction\":[{\"@type\":\"ReadAction\",\"target\":[\"https:\/\/aceroauditores.com\/index.php\/terminos-y-condiciones\/\"]}]},{\"@type\":\"BreadcrumbList\",\"@id\":\"https:\/\/aceroauditores.com\/index.php\/terminos-y-condiciones\/#breadcrumb\",\"itemListElement\":[{\"@type\":\"ListItem\",\"position\":1,\"name\":\"Portada\",\"item\":\"https:\/\/aceroauditores.com\/\"},{\"@type\":\"ListItem\",\"position\":2,\"name\":\"T\u00e9rminos y Condiciones\"}]},{\"@type\":\"WebSite\",\"@id\":\"https:\/\/aceroauditores.com\/#website\",\"url\":\"https:\/\/aceroauditores.com\/\",\"name\":\"aceroauditores\",\"description\":\"\",\"potentialAction\":[{\"@type\":\"SearchAction\",\"target\":{\"@type\":\"EntryPoint\",\"urlTemplate\":\"https:\/\/aceroauditores.com\/?s={search_term_string}\"},\"query-input\":\"required name=search_term_string\"}],\"inLanguage\":\"es\"}]}<\/script>\n<!-- \/ Yoast SEO plugin. -->","yoast_head_json":{"title":"T\u00e9rminos y Condiciones - aceroauditores","robots":{"index":"index","follow":"follow","max-snippet":"max-snippet:-1","max-image-preview":"max-image-preview:large","max-video-preview":"max-video-preview:-1"},"canonical":"https:\/\/aceroauditores.com\/index.php\/terminos-y-condiciones\/","og_locale":"es_ES","og_type":"article","og_title":"T\u00e9rminos y Condiciones - aceroauditores","og_description":"T\u00e9rminos y condiciones La presente p\u00e1gina describe los t\u00e9rminos y condiciones del sitio web aceroauditores.com (en adelante \u201cSITIO WEB\u201d), del cual es titular aceroauditores.com (en adelante \u201cTITULAR\u201d). Al visitar y usar este SITIO WEB, el visitantes o usuario (en adelante \u201cUSUARIO\u201d) acepta estos t\u00e9rminos y condiciones en su totalidad. La informaci\u00f3n de estos t\u00e9rminos y condiciones est\u00e1 sujeta a cambios en cualquier momento y se le recomienda al USUARIO visitar esta p\u00e1gina constantemente. En est\u00e1 p\u00e1gina se describe a detalle la manera en que el USUARIO acepta usar y comportarse dentro del SITIO WEB y con su respectivo contenido, productos y servicios (en adelante \u201cCONTENIDO\u201d). \u00a0 \u00a0 1. MENORES DE EDAD No se permite el acceso al CONTENIDO del SITIO WEB por personas menores de 13 a\u00f1os. Si el USUARIO es menor de 13 a\u00f1os, deber\u00e1 contar con el consentimiento de sus padres o personas mayores encargadas. \u00a0 \u00a0 2. EST\u00c1N PROHIBIDAS LAS SIGUIENTES ACTIVIDADES Intentos de hackeo, inserci\u00f3n de virus o ataques inform\u00e1ticos de cualquier \u00edndole dirigidos al servidor o al SITIO WEB. Proporcionar informaci\u00f3n personal falsa o que pertenece a personas diferentes al USUARIO que la env\u00eda \u00a0 \u00a0 3. DERECHOS DE AUTOR Y PROPIEDAD INTELECTUAL Est\u00e1 totalmente prohibido usar los textos, im\u00e1genes, audios, videos y cualquier otro material multimedia que se encuentre alojado en el SITIO WEB ya que es propiedad del TITULAR y est\u00e1 protegido por las leyes de derechos de autor y propiedad intelectual. Solo se permitir\u00e1 el uso de los materiales multimedia del SITIO WEB, si el USUARIO solicita el uso de dicho material y el TITULAR acepta esa solicitud. \u00a0 4. ACCESO Y DISPONIBILIDAD DEL SITIO WEB Por motivos de fuerza mayor o factores externos, el acceso y disponibilidad del SITIO WEB se puede ver suspendido por cualquier periodo de tiempo y el TITULAR no se hace responsable de cualquier da\u00f1o o resultado directo o indirecto que esto pueda ocasionar al USUARIO. Si bien, el SITIO WEB estar\u00e1 disponible la mayor\u00eda del tiempo, no se garantiza una disponibilidad del 100% y en cualquier momento, si el TITULAR lo decide, el SITIO WEB puede dejar de funcionar o estar disponible al p\u00fablico. \u00a0 \u00a0 5. POL\u00cdTICA DE PRIVACIDAD Y COOKIES El TITULAR est\u00e1 comprometido con las buenas practicas en la recopilaci\u00f3n, uso y protecci\u00f3n de los datos personales de sus USUARIOS. La pol\u00edtica de privacidad y cookies del SITIO WEB se puede ver en detalle en la siguiente p\u00e1gina http:\/\/aceroauditores.com\/politica-de-privacidad","og_url":"https:\/\/aceroauditores.com\/index.php\/terminos-y-condiciones\/","og_site_name":"aceroauditores","article_modified_time":"2024-01-17T14:16:34+00:00","twitter_card":"summary_large_image","twitter_misc":{"Tiempo de lectura":"2 minutos"},"schema":{"@context":"https:\/\/schema.org","@graph":[{"@type":"WebPage","@id":"https:\/\/aceroauditores.com\/index.php\/terminos-y-condiciones\/","url":"https:\/\/aceroauditores.com\/index.php\/terminos-y-condiciones\/","name":"T\u00e9rminos y Condiciones - aceroauditores","isPartOf":{"@id":"https:\/\/aceroauditores.com\/#website"},"datePublished":"2024-01-17T04:41:22+00:00","dateModified":"2024-01-17T14:16:34+00:00","breadcrumb":{"@id":"https:\/\/aceroauditores.com\/index.php\/terminos-y-condiciones\/#breadcrumb"},"inLanguage":"es","potentialAction":[{"@type":"ReadAction","target":["https:\/\/aceroauditores.com\/index.php\/terminos-y-condiciones\/"]}]},{"@type":"BreadcrumbList","@id":"https:\/\/aceroauditores.com\/index.php\/terminos-y-condiciones\/#breadcrumb","itemListElement":[{"@type":"ListItem","position":1,"name":"Portada","item":"https:\/\/aceroauditores.com\/"},{"@type":"ListItem","position":2,"name":"T\u00e9rminos y Condiciones"}]},{"@type":"WebSite","@id":"https:\/\/aceroauditores.com\/#website","url":"https:\/\/aceroauditores.com\/","name":"aceroauditores","description":"","potentialAction":[{"@type":"SearchAction","target":{"@type":"EntryPoint","urlTemplate":"https:\/\/aceroauditores.com\/?s={search_term_string}"},"query-input":"required name=search_term_string"}],"inLanguage":"es"}]}},"rttpg_featured_image_url":null,"rttpg_author":{"display_name":"andres.edwin","author_link":"https:\/\/aceroauditores.com\/index.php\/author\/andres-edwin\/"},"rttpg_comment":0,"rttpg_category":null,"rttpg_excerpt":"T\u00e9rminos y condiciones La presente p\u00e1gina describe los t\u00e9rminos y condiciones del sitio web aceroauditores.com (en adelante \u201cSITIO WEB\u201d), del cual es titular aceroauditores.com (en adelante \u201cTITULAR\u201d). Al visitar y usar este SITIO WEB, el visitantes o usuario (en adelante \u201cUSUARIO\u201d) acepta estos t\u00e9rminos y condiciones en su totalidad. La informaci\u00f3n de estos t\u00e9rminos y&hellip;","_links":{"self":[{"href":"https:\/\/aceroauditores.com\/index.php\/wp-json\/wp\/v2\/pages\/755"}],"collection":[{"href":"https:\/\/aceroauditores.com\/index.php\/wp-json\/wp\/v2\/pages"}],"about":[{"href":"https:\/\/aceroauditores.com\/index.php\/wp-json\/wp\/v2\/types\/page"}],"author":[{"embeddable":true,"href":"https:\/\/aceroauditores.com\/index.php\/wp-json\/wp\/v2\/users\/1"}],"replies":[{"embeddable":true,"href":"https:\/\/aceroauditores.com\/index.php\/wp-json\/wp\/v2\/comments?post=755"}],"version-history":[{"count":4,"href":"https:\/\/aceroauditores.com\/index.php\/wp-json\/wp\/v2\/pages\/755\/revisions"}],"predecessor-version":[{"id":777,"href":"https:\/\/aceroauditores.com\/index.php\/wp-json\/wp\/v2\/pages\/755\/revisions\/777"}],"wp:attachment":[{"href":"https:\/\/aceroauditores.com\/index.php\/wp-json\/wp\/v2\/media?parent=755"}],"curies":[{"name":"wp","href":"https:\/\/api.w.org\/{rel}","templated":true}]}}